{"id":682,"date":"2020-02-01T08:42:45","date_gmt":"2020-02-01T07:42:45","guid":{"rendered":"https:\/\/lebensfreude-praxis-celle.de\/?page_id=682"},"modified":"2023-12-12T10:35:56","modified_gmt":"2023-12-12T09:35:56","slug":"meditationsreise","status":"publish","type":"page","link":"https:\/\/lebensfreude-praxis-celle.de\/?page_id=682","title":{"rendered":"Meditationsreise"},"content":{"rendered":"\n<p>Nach der Reise ist vor der Reise&#8230;  <\/p>\n\n\n\n<p><\/p>\n\n\n\n<p>Zeit f\u00fcr das SEIN<\/p>\n\n\n\n<p><\/p>\n\n\n\n<p>Vom 09.11. -12.11.2023 fand eine gemeinsame Meditationsreise an den Timmendorf Strand statt.<\/p>\n\n\n\n<p>Es war eine gute intensive Zeit in einem wundersch\u00f6nen gro\u00dfen Ferienhaus in zentraler Lage. Es gab Meditationen und \u00dcbungen im Haus und drau\u00dfen in den Nachmittags- Abendstunden von der Waldwanderung bis zur Strand- und Fackelwanderung war auch alles dabei.<\/p>\n\n\n\n<p>Zeit zum Schauen und Einkaufen in der wundervollen Buchhandlung Mikado am Strand mit Buddha-Ausstellung und anderswo war auch. Manch Koffer war am Ende voller als bei der Anreise.<\/p>\n\n\n\n<p>Bewegung innen wie au\u00dfen. Eine rundum sch\u00f6ne Zeit miteinander.<\/p>\n\n\n\n<p><\/p>\n\n\n\n<p><\/p>\n\n\n\n<p><\/p>\n\n\n\n<p><\/p>\n\n\n\n<p>ZEIT f\u00fcr das SEIN<\/p>\n\n\n\n<p>Vom 11.11 &#8211; 14.11.2021  fand eine gemeinsame Meditationsreise mit 9 Frauen auf die wundersch\u00f6ne Insel Sylt statt. <\/p>\n\n\n\n<p>Es war eine entspannte gemeinsame Zeit in einem ger\u00e4umigen, gut eingerichteten Ferienhaus in Westerland mit vielen Meditationen, \u00dcbungen, gemeinsamen Wanderungen am Strand  und Abends gutem Essen im Ort. <\/p>\n\n\n\n<p>Wo viele Frauen beieinander sind, sind helfende H\u00e4nde immer da. z. B. f\u00fcr das leckere Fr\u00fchst\u00fcck, den Bus, die Wahl der Restaurants, das Miteinander Sein.<\/p>\n\n\n\n<p>Viel Freude und gute Laune  haben die gemeinsame Zeit begleitet.<\/p>\n\n\n\n<p>Wer Sylt kennt, tr\u00e4gt die Insel im Herzen und kommt wieder&#8230;<\/p>\n\n\n\n<figure class=\"wp-block-gallery has-nested-images columns-default is-cropped wp-block-gallery-1 is-layout-flex wp-block-gallery-is-layout-flex\">\n<figure class=\"wp-block-image size-large\"><a href=\"https:\/\/lebensfreude-praxis-celle.de\/wordpress\/wp-content\/uploads\/2022\/01\/Sylt.png\"><img loading=\"lazy\" decoding=\"async\" width=\"1024\" height=\"690\" data-id=\"875\" src=\"https:\/\/lebensfreude-praxis-celle.de\/wordpress\/wp-content\/uploads\/2022\/01\/Sylt-1024x690.png\" alt=\"Sylt\" class=\"wp-image-875\" srcset=\"https:\/\/lebensfreude-praxis-celle.de\/wordpress\/wp-content\/uploads\/2022\/01\/Sylt-1024x690.png 1024w, https:\/\/lebensfreude-praxis-celle.de\/wordpress\/wp-content\/uploads\/2022\/01\/Sylt-300x202.png 300w, https:\/\/lebensfreude-praxis-celle.de\/wordpress\/wp-content\/uploads\/2022\/01\/Sylt-768x517.png 768w, https:\/\/lebensfreude-praxis-celle.de\/wordpress\/wp-content\/uploads\/2022\/01\/Sylt-1536x1034.png 1536w, https:\/\/lebensfreude-praxis-celle.de\/wordpress\/wp-content\/uploads\/2022\/01\/Sylt-2048x1379.png 2048w, https:\/\/lebensfreude-praxis-celle.de\/wordpress\/wp-content\/uploads\/2022\/01\/Sylt-624x420.png 624w\" sizes=\"auto, (max-width: 1024px) 100vw, 1024px\" \/><\/a><figcaption class=\"wp-element-caption\">Sylt<\/figcaption><\/figure>\n<figcaption class=\"blocks-gallery-caption wp-element-caption\">Wanderung bei den Morsumer Klippen<\/figcaption><\/figure>\n\n\n\n<p><\/p>\n","protected":false},"excerpt":{"rendered":"<p>Nach der Reise ist vor der Reise&#8230; Zeit f\u00fcr das SEIN Vom 09.11. -12.11.2023 fand eine gemeinsame Meditationsreise an den Timmendorf Strand statt. Es war eine gute intensive Zeit in einem wundersch\u00f6nen gro\u00dfen Ferienhaus in zentraler Lage. Es gab Meditationen und \u00dcbungen im Haus und drau\u00dfen in den Nachmittags- Abendstunden von der Waldwanderung bis zur [&hellip;]<\/p>\n","protected":false},"author":1,"featured_media":0,"parent":0,"menu_order":0,"comment_status":"closed","ping_status":"closed","template":"","meta":{"footnotes":""},"class_list":["post-682","page","type-page","status-publish","hentry"],"_links":{"self":[{"href":"https:\/\/lebensfreude-praxis-celle.de\/index.php?rest_route=\/wp\/v2\/pages\/682","targetHints":{"allow":["GET"]}}],"collection":[{"href":"https:\/\/lebensfreude-praxis-celle.de\/index.php?rest_route=\/wp\/v2\/pages"}],"about":[{"href":"https:\/\/lebensfreude-praxis-celle.de\/index.php?rest_route=\/wp\/v2\/types\/page"}],"author":[{"embeddable":true,"href":"https:\/\/lebensfreude-praxis-celle.de\/index.php?rest_route=\/wp\/v2\/users\/1"}],"replies":[{"embeddable":true,"href":"https:\/\/lebensfreude-praxis-celle.de\/index.php?rest_route=%2Fwp%2Fv2%2Fcomments&post=682"}],"version-history":[{"count":30,"href":"https:\/\/lebensfreude-praxis-celle.de\/index.php?rest_route=\/wp\/v2\/pages\/682\/revisions"}],"predecessor-version":[{"id":985,"href":"https:\/\/lebensfreude-praxis-celle.de\/index.php?rest_route=\/wp\/v2\/pages\/682\/revisions\/985"}],"wp:attachment":[{"href":"https:\/\/lebensfreude-praxis-celle.de\/index.php?rest_route=%2Fwp%2Fv2%2Fmedia&parent=682"}],"curies":[{"name":"wp","href":"https:\/\/api.w.org\/{rel}","templated":true}]}}