{"id":39,"date":"2014-12-27T19:21:10","date_gmt":"2014-12-27T17:21:10","guid":{"rendered":"http:\/\/lebensfreude-praxis-celle.de\/wordpress\/?page_id=39"},"modified":"2023-12-11T18:34:15","modified_gmt":"2023-12-11T17:34:15","slug":"praxiszeiten","status":"publish","type":"page","link":"https:\/\/lebensfreude-praxis-celle.de\/?page_id=39","title":{"rendered":"Praxiszeiten"},"content":{"rendered":"<p><span style=\"color: #000000;\">Lebensfreude Praxis<\/span><\/p>\n<p><span style=\"color: #000000;\"><span class=\"schrift_11pt\"><strong><span style=\"text-decoration: underline;\">Termine<\/span> <\/strong>sind nur nach vorheriger telefonischer Absprache, <\/span><\/span><span style=\"color: #000000;\"><span class=\"schrift_11pt\">gern auch per Mail, in Ausnahme auch<\/span><\/span><span style=\"color: #000000;\"><span class=\"schrift_11pt\">\u00a0am sp\u00e4ten Nachmittag oder fr\u00fchen Abend, m\u00f6glich,\u00a0<\/span><\/span><span style=\"color: #000000;\">sowie eine regelm\u00e4\u00dfige Sprechstunde f\u00fcr Betroffene und\/oder Angeh\u00f6rige,\u00a0die &#8222;nur&#8220; mal \u00fcber alles reden wollen&#8230;\u00a0<\/span><\/p>\n<p style=\"text-align: center;\">Zeitfenster je Therapiestunde: 60 Minuten.<\/p>\n<p>Bitte vereinbaren Sie einen <strong>Termin<\/strong> unter:<\/p>\n<div id=\"schrift4_11pt\"><strong><span style=\"color: #990099;\">Tel. Nr.: 0176 965 881 25 \u00a0 \u00a0 \u00a0 (mit AB)<\/span><\/strong><\/div>\n<div><strong>\u00a0<\/strong><\/div>\n<div id=\"schrift4_11pt\"><span style=\"color: #990099;\"><span style=\"caret-color: #990099; font-weight: 600;\"><u>Am Einfachsten geht es per Email<\/u><\/span><\/span><a style=\"color: #990099;\" href=\"mailto:\/\/m.mueller@lebensfreude-praxis-celle.de\">: \u00a0 \u00a0<strong>m.mueller@lebensfreude-praxis-celle.de<\/strong><\/a><\/div>\n<p><span class=\"schrift_11pt\">\u00a0<\/span><\/p>\n<table style=\"height: 142px;\" width=\"658\">\n<tbody>\n<tr>\n<td>\n<div id=\"schrift\"><span style=\"color: #000000;\">Mitglied im Verband Freier Psychotherapeuten,<\/span><br \/><span style=\"color: #000000;\"> Heilpraktiker f\u00fcr Psychotherapie<\/span><br \/><span style=\"color: #000000;\"> und Psychologischer Berater e. V.<\/span><\/div>\n<\/td>\n<td width=\"125px\">\u00a0 \u00a0 \u00a0 \u00a0 \u00a0 <img loading=\"lazy\" decoding=\"async\" class=\"alignnone \" src=\"https:\/\/lebensfreude-praxis-celle.de\/verbandslogo.jpg\" alt=\"Verband Freier Psychotherapeuten\" width=\"112\" height=\"112\" \/><\/td>\n<\/tr>\n<\/tbody>\n<\/table>\n\n\n<p><\/p>\n","protected":false},"excerpt":{"rendered":"<p>Lebensfreude Praxis Termine sind nur nach vorheriger telefonischer Absprache, gern auch per Mail, in Ausnahme auch\u00a0am sp\u00e4ten Nachmittag oder fr\u00fchen Abend, m\u00f6glich,\u00a0sowie eine regelm\u00e4\u00dfige Sprechstunde f\u00fcr Betroffene und\/oder Angeh\u00f6rige,\u00a0die &#8222;nur&#8220; mal \u00fcber alles reden wollen&#8230;\u00a0 Zeitfenster je Therapiestunde: 60 Minuten. Bitte vereinbaren Sie einen Termin unter: Tel. Nr.: 0176 965 881 25 \u00a0 \u00a0 \u00a0 [&hellip;]<\/p>\n","protected":false},"author":1,"featured_media":0,"parent":0,"menu_order":0,"comment_status":"closed","ping_status":"closed","template":"","meta":{"footnotes":""},"class_list":["post-39","page","type-page","status-publish","hentry"],"_links":{"self":[{"href":"https:\/\/lebensfreude-praxis-celle.de\/index.php?rest_route=\/wp\/v2\/pages\/39","targetHints":{"allow":["GET"]}}],"collection":[{"href":"https:\/\/lebensfreude-praxis-celle.de\/index.php?rest_route=\/wp\/v2\/pages"}],"about":[{"href":"https:\/\/lebensfreude-praxis-celle.de\/index.php?rest_route=\/wp\/v2\/types\/page"}],"author":[{"embeddable":true,"href":"https:\/\/lebensfreude-praxis-celle.de\/index.php?rest_route=\/wp\/v2\/users\/1"}],"replies":[{"embeddable":true,"href":"https:\/\/lebensfreude-praxis-celle.de\/index.php?rest_route=%2Fwp%2Fv2%2Fcomments&post=39"}],"version-history":[{"count":17,"href":"https:\/\/lebensfreude-praxis-celle.de\/index.php?rest_route=\/wp\/v2\/pages\/39\/revisions"}],"predecessor-version":[{"id":969,"href":"https:\/\/lebensfreude-praxis-celle.de\/index.php?rest_route=\/wp\/v2\/pages\/39\/revisions\/969"}],"wp:attachment":[{"href":"https:\/\/lebensfreude-praxis-celle.de\/index.php?rest_route=%2Fwp%2Fv2%2Fmedia&parent=39"}],"curies":[{"name":"wp","href":"https:\/\/api.w.org\/{rel}","templated":true}]}}