{"id":28,"date":"2014-12-27T19:09:29","date_gmt":"2014-12-27T17:09:29","guid":{"rendered":"http:\/\/lebensfreude-praxis-celle.de\/wordpress\/?page_id=28"},"modified":"2022-12-08T14:36:35","modified_gmt":"2022-12-08T13:36:35","slug":"mein-angebot","status":"publish","type":"page","link":"https:\/\/lebensfreude-praxis-celle.de\/?page_id=28","title":{"rendered":"Angebot"},"content":{"rendered":"<div id=\"spalte_links\">\n<div id=\"schrift2\"><span style=\"color: #990099;\">Ermunterung, Ihren Weg durch den Zauberwald <\/span><\/div>\n<div><span style=\"color: #990099;\">einer Psychotherapie zu gehen. <\/span><\/div>\n<div><\/div>\n<div id=\"schrift3\"><span style=\"color: #990099;\">Erleben Sie die befreiende Kraft\u00a0<\/span><span style=\"color: #990099;\">des offenen Gespr\u00e4chs.<\/span><\/div>\n<div><\/div>\n<div id=\"schrift2\">F\u00fcr Betroffene und Angeh\u00f6rige jeden Alters.<\/div>\n<div><\/div>\n<div><\/div>\n<div>\n<div id=\"schrift3\"><span style=\"color: #990099;\">Verfahren:<\/span><\/div>\n<ul>\n<li>\n<div id=\"schrift4\"><span style=\"color: #990099;\">Therapeutische Gespr\u00e4che\u00a0<\/span><\/div>\n<\/li>\n<li><span style=\"color: #990099;\">Verhaltenstherapie f\u00fcr\u00a0Kinder, Jugendliche und Erwachsene<\/span><\/li>\n<li><span style=\"color: #990099;\">Traumatherapie<\/span><\/li>\n<li>\n<div id=\"schrift4\"><span style=\"color: #990099;\">Energieausgleich<\/span><\/div>\n<\/li>\n<li>\n<div id=\"schrift4\"><span style=\"color: #990099;\">Meditation und Imagination<\/span><\/div>\n<\/li>\n<\/ul>\n<p><span style=\"color: #990099;\">sowie Kausaltraining nach Kurt Tepperwein<\/span><\/p>\n<p><span style=\"font-size: 1rem;\">Stichworte:<\/span><\/p>\n<ul>\n<li>Psychische Probleme und \/oder Krisen<\/li>\n<\/ul>\n<\/div>\n<ul>\n<li>Belastende Lebensereignisse und\u00a0Erkrankungen<\/li>\n<li>Depressionen<\/li>\n<li>Stress, Burnout, Boreout<\/li>\n<li>Trauer<\/li>\n<li>Essst\u00f6rungen<\/li>\n<li>Angst \/ Phobie \/ Zwang<\/li>\n<li>Trauma und -Folgest\u00f6rungen<\/li>\n<li>eigener Umgang mit Erkrankungen Angeh\u00f6riger<\/li>\n<li>Selbsterleben \/ Selbstwertgef\u00fchl<\/li>\n<li><span style=\"line-height: 1.714285714; font-size: 1rem;\">Entdecken der eigenen Ressourcen<\/span><\/li>\n<li><span style=\"line-height: 1.714285714; font-size: 1rem;\">Kl\u00e4ren und Aufl\u00f6sen negativer Gedanken- und\u00a0<\/span><span style=\"line-height: 1.714285714; font-size: 1rem;\">Verhaltensmuster,\u00a0<\/span><span style=\"line-height: 1.714285714; font-size: 1rem;\">z. B. im Berufsleben oder im Privaten \/ in Beziehungen<\/span><\/li>\n<li>Umgang mit Behinderung(en)<\/li>\n<li>sowie<span style=\"text-decoration: underline;\"> eine Sprechstunde: <\/span><span style=\"text-decoration: underline;\">vielleicht auch in gesch\u00fctztem Rahmen nur mal\u00a0\u00fcber alles reden wollen, auch f\u00fcr Angeh\u00f6rige von Erkrankten<\/span><\/li>\n<\/ul>\n<p><span style=\"font-size: 1rem;\">Manchmal begegnen uns in unserem Leben Situationen, Ereignisse oder Erkrankungen, die belastend sind, die Probleme verursachen und das Gef\u00fchl vermitteln, diese allein nicht l\u00f6sen zu k\u00f6nnen.<\/span><\/p>\n<\/div>\n<div id=\"spalte_mitte\">Dadurch entsteht Leidensdruck, der sich in unterschiedlichster Form zeigen kann.<\/div>\n<div>Eigene, bisher durchaus erfolgreiche Reaktionsmuster helfen dann mitunter nicht mehr weiter. Probleml\u00f6seversuche scheitern.\u00a0Das muss nicht so sein.<\/div>\n<div>Es kann f\u00fcr Sie Anlass sein, jetzt Hilfe und Unterst\u00fctzung in Anspruch zu nehmen und der Weg, k\u00fcnftig ein zufriedeneres, freudvolleres Leben zu f\u00fchren.<\/div>\n<div>Gern begleite und unterst\u00fctze ich Sie dabei.<\/div>\n<div><\/div>\n","protected":false},"excerpt":{"rendered":"<p>Ermunterung, Ihren Weg durch den Zauberwald einer Psychotherapie zu gehen. Erleben Sie die befreiende Kraft\u00a0des offenen Gespr\u00e4chs. F\u00fcr Betroffene und Angeh\u00f6rige jeden Alters. Verfahren: Therapeutische Gespr\u00e4che\u00a0 Verhaltenstherapie f\u00fcr\u00a0Kinder, Jugendliche und Erwachsene Traumatherapie Energieausgleich Meditation und Imagination sowie Kausaltraining nach Kurt Tepperwein Stichworte: Psychische Probleme und \/oder Krisen Belastende Lebensereignisse und\u00a0Erkrankungen Depressionen Stress, Burnout, Boreout Trauer [&hellip;]<\/p>\n","protected":false},"author":1,"featured_media":0,"parent":0,"menu_order":0,"comment_status":"closed","ping_status":"closed","template":"","meta":{"footnotes":""},"class_list":["post-28","page","type-page","status-publish","hentry"],"_links":{"self":[{"href":"https:\/\/lebensfreude-praxis-celle.de\/index.php?rest_route=\/wp\/v2\/pages\/28","targetHints":{"allow":["GET"]}}],"collection":[{"href":"https:\/\/lebensfreude-praxis-celle.de\/index.php?rest_route=\/wp\/v2\/pages"}],"about":[{"href":"https:\/\/lebensfreude-praxis-celle.de\/index.php?rest_route=\/wp\/v2\/types\/page"}],"author":[{"embeddable":true,"href":"https:\/\/lebensfreude-praxis-celle.de\/index.php?rest_route=\/wp\/v2\/users\/1"}],"replies":[{"embeddable":true,"href":"https:\/\/lebensfreude-praxis-celle.de\/index.php?rest_route=%2Fwp%2Fv2%2Fcomments&post=28"}],"version-history":[{"count":35,"href":"https:\/\/lebensfreude-praxis-celle.de\/index.php?rest_route=\/wp\/v2\/pages\/28\/revisions"}],"predecessor-version":[{"id":921,"href":"https:\/\/lebensfreude-praxis-celle.de\/index.php?rest_route=\/wp\/v2\/pages\/28\/revisions\/921"}],"wp:attachment":[{"href":"https:\/\/lebensfreude-praxis-celle.de\/index.php?rest_route=%2Fwp%2Fv2%2Fmedia&parent=28"}],"curies":[{"name":"wp","href":"https:\/\/api.w.org\/{rel}","templated":true}]}}