{"id":24,"date":"2014-12-27T18:50:00","date_gmt":"2014-12-27T16:50:00","guid":{"rendered":"http:\/\/lebensfreude-praxis-celle.de\/wordpress\/?page_id=24"},"modified":"2025-09-24T08:01:06","modified_gmt":"2025-09-24T06:01:06","slug":"krankheitsbilder-stoerungen","status":"publish","type":"page","link":"https:\/\/lebensfreude-praxis-celle.de\/?page_id=24","title":{"rendered":"VHS Celle Kurse"},"content":{"rendered":"\n<p><\/p>\n\n\n\n<p>Die Kurse f\u00fcr das Herbstsemester sind ab Montag, den 01.09.2025 und 08.09.2025 gestartet und finden wie gewohnt 14 T\u00e4tig statt.<\/p>\n\n\n\n<p>Die Meditationsabende finden den R\u00e4umlichkeiten der VHS Statt. Wer mag, bringt sich eine <\/p>\n\n\n\n<p><\/p>\n\n\n\n<p><\/p>\n","protected":false},"excerpt":{"rendered":"<p>Die Kurse f\u00fcr das Herbstsemester sind ab Montag, den 01.09.2025 und 08.09.2025 gestartet und finden wie gewohnt 14 T\u00e4tig statt. Die Meditationsabende finden den R\u00e4umlichkeiten der VHS Statt. Wer mag, bringt sich eine<\/p>\n","protected":false},"author":1,"featured_media":0,"parent":0,"menu_order":0,"comment_status":"closed","ping_status":"closed","template":"","meta":{"footnotes":""},"class_list":["post-24","page","type-page","status-publish","hentry"],"_links":{"self":[{"href":"https:\/\/lebensfreude-praxis-celle.de\/index.php?rest_route=\/wp\/v2\/pages\/24","targetHints":{"allow":["GET"]}}],"collection":[{"href":"https:\/\/lebensfreude-praxis-celle.de\/index.php?rest_route=\/wp\/v2\/pages"}],"about":[{"href":"https:\/\/lebensfreude-praxis-celle.de\/index.php?rest_route=\/wp\/v2\/types\/page"}],"author":[{"embeddable":true,"href":"https:\/\/lebensfreude-praxis-celle.de\/index.php?rest_route=\/wp\/v2\/users\/1"}],"replies":[{"embeddable":true,"href":"https:\/\/lebensfreude-praxis-celle.de\/index.php?rest_route=%2Fwp%2Fv2%2Fcomments&post=24"}],"version-history":[{"count":56,"href":"https:\/\/lebensfreude-praxis-celle.de\/index.php?rest_route=\/wp\/v2\/pages\/24\/revisions"}],"predecessor-version":[{"id":1030,"href":"https:\/\/lebensfreude-praxis-celle.de\/index.php?rest_route=\/wp\/v2\/pages\/24\/revisions\/1030"}],"wp:attachment":[{"href":"https:\/\/lebensfreude-praxis-celle.de\/index.php?rest_route=%2Fwp%2Fv2%2Fmedia&parent=24"}],"curies":[{"name":"wp","href":"https:\/\/api.w.org\/{rel}","templated":true}]}}