{"id":163,"date":"2015-03-18T10:58:22","date_gmt":"2015-03-18T09:58:22","guid":{"rendered":"http:\/\/lebensfreude-praxis-celle.de\/?page_id=163"},"modified":"2025-05-05T14:48:44","modified_gmt":"2025-05-05T12:48:44","slug":"empfehlungen","status":"publish","type":"page","link":"https:\/\/lebensfreude-praxis-celle.de\/?page_id=163","title":{"rendered":"Empfehlungen"},"content":{"rendered":"\n<p><\/p>\n\n\n\n<p class=\"has-text-color has-link-color wp-elements-c0624ce0dbc69fb71d1bebb6b3d80caf\" style=\"color:#992bae\">Von LEA liebevoll handgefertigt: <strong>  <a href=\"https:\/\/lamakramee.de\">www.lamakramee.de<\/a>  <\/strong><\/p>\n\n\n\n<p>Aus nat\u00fcrlichen langlebigen Materialien bekommt ihr hier eine gelungene Auswahl an Mobiles f\u00fcr den Nachwuchs sowie Schl\u00fcsselanh\u00e4nger zum Ver- und sich Selbst-Beschenken.<\/p>\n\n\n\n<p>Das Leben ist bunt&#8230;.  und jeder hat seine Lieblingsfarben.  Eigene Farbw\u00fcnsche und\/oder die Erg\u00e4nzung mit Namen sind daher auf Nachfrage auch m\u00f6glich. Einfach mal anschauen. Es lohnt sich.<\/p>\n\n\n\n<p><\/p>\n\n\n\n<p class=\"has-text-color\" style=\"color:#990099\">Sehnsuchtsort Sylt<\/p>\n\n\n\n<p>Sylt ist zu jeder Jahreszeit eine Reise wert.<\/p>\n\n\n\n<p>Vielseitig mit wunderbarer urspr\u00fcnglicher Natur: die Morsumer Klippen, die Uwe D\u00fcne samt Klippen in Kampen, einsame Str\u00e4nde bei List, die alten Kapit\u00e4nsh\u00e4user in Keitum und und und<\/p>\n\n\n\n<p>Mit  Strandwanderungen \u00fcberall auf der Insel, schwimmen in den Wellen, Wellenreiten, \u00fcber den Sagenwald bis zum Bogenschie\u00dfen gibt es vielseitige M\u00f6glichkeiten f\u00fcr gro\u00dfe und kleine Auszeiten.<\/p>\n\n\n\n<p>Wer Ruhe und Entspannung sucht, wird auch f\u00fcndig. <\/p>\n\n\n\n<p>Die Menschen sind freundlich. <\/p>\n\n\n\n<p>Wer da war, der tr\u00e4gt die Insel im Herzen.<\/p>\n\n\n\n<p><\/p>\n\n\n\n<p class=\"has-text-color\" style=\"color:#990099\">Der L\u00fcner See im Brandnertal<\/p>\n\n\n\n<p>in \u00fcber 2000 m H\u00f6he befindet sich der &#8222;sch\u00f6nste&#8220; Stausee \u00d6sterreichs am Ende des Brandnertals. Wer Ruhe und Frieden sp\u00fcren will, ist hier genau richtig.<\/p>\n\n\n\n<p>Hoch geht es mit der Seilbahn, der See l\u00e4\u00dft sich umwandern, l\u00e4dt jedoch auch zum Verweilen auf alten Holzb\u00e4nken, z. B. auf der Halbinsel ein.<\/p>\n\n\n\n<p>Ein bezaubernder, magischer Ort.<\/p>\n\n\n<p><span style=\"color: #990099;\">Die Ostsee: Niendorf, Timmendorf, Scharbeutz und Gr\u00f6mitz<\/span><\/p>\n<p>Kurzurlaub am Strand mit nur gut zwei Stunden Anfahrt. Jeder einzelne dieser Orte hat seinen eigenen Charme, zauberhafte Unterk\u00fcnfte direkt am Strand, die es an nichts fehlen lassen und sch\u00f6ne L\u00e4den \u00fcberall zum St\u00f6bern, so die Buchhandlung in Timmendorf (mit dem Buddha an der Seebr\u00fccke), Teeladen beim Aja in Gr\u00f6mitz, R\u00e4der Design und vieles mehr gibt es zu entdecken, wundervolle Caf\u00e9s und Restaurationen, die Klippen in Gr\u00f6mitz und Niendorf, die Tauchglocke, lange Strandspazierg\u00e4nge, tolle H\u00e4fen.. &nbsp; Pause vom Alltag.. &nbsp;gelungen<\/p>\n<p><span style=\"color: #990099;\">Bodensee<\/span><\/p>\n<p>Der Bodensee gilt als das Herzchakra Europas.<\/p>\n<p>Sein klares Wasser, die ruhige Atmosph\u00e4re laden zur Entspannung ein. Ein Sonnenuntergang vor dem Hintergrund der Schweitzer Berge &nbsp;und die blaue Stunde sind ein Genuss. Egal ob Konstanz, Lindau oder beschaulicher und zauberhaft in kleinen Orten direkt am See, es ist \u00fcberall sch\u00f6n. Radeln und spazieren am Ufer entlang, tr\u00e4umen auf einer &nbsp;Liegebank mit Blick auf den See&nbsp;oder mit dem Schiff hin\u00fcber in die Schweiz zum Wandern. Das ist Entschleunigung.&nbsp;Die Menschen sind freundlich, das Essen vorz\u00fcglich.<\/p>\n<p><span style=\"color: #990099;\">Explorer Hotels in den Alpen<\/span><\/p>\n<p>Diese Hotels sind wunderbar nachhaltig, bieten ein umfangreiches Bio-Fr\u00fchst\u00fccksbuffet mit Eierbratstation f\u00fcr die G\u00e4ste und sorgen mit ihren freundlichen Mitarbeitern, den nat\u00fcrlichen Farben, der Gem\u00fctlichkeit und den guten Matratzen zum Schlummern f\u00fcr Wohlgef\u00fchl. Sauna&nbsp;und Infrarotkabine sind zur abendlichen Entspannung ebenfalls vorhanden.<\/p>\n<p>Wer sich etwas g\u00f6nnen will, &nbsp;bucht zum Zimmer eine Dachterrasse dazu.Ein guter Ausgangspunkt f\u00fcr den aktiven Urlaub: zum Radeln, Wandern, oder SKI fahren.<\/p>\n<p><span style=\"color: #990099;\">Comer See<\/span><\/p>\n<p>ein weiterer zauberhafter Ort ist der Comer See. &nbsp;Wer hier war, kommt entspannt, belebt, erholt und gutgelaunt zur\u00fcck.<\/p>\n<p>Die abenteuerliche An- und Abreise&nbsp;mit dem Auto erfolgt \u00fcber den Spl\u00fcgenpass. Eine Herausforderung, die sich lohnt. Wundersch\u00f6ne Landschaften und ein t\u00fcrkisblauer See.<\/p>\n<p>Die B\u00fcrgermeister der idyllischen Ortschaften rund um den See, der von &nbsp;Bergen malerisch umschlossen ist, haben sich vor Jahren darauf verst\u00e4ndigt, hier keine Hotelburgen bauen zu lassen. Dadurch ist die Anzahl der Touristen beschr\u00e4nkt und mischt sich mit den herzlichen Italienern.<\/p>\n<p>Exquisiter Espresso, Cappuccino und leckeres Essen sind rund um den See garantiert.<\/p>\n<p>Wer sich traut, mietet sich f\u00fcr einen halben Tag ein Motorboot, z. B. die Voyager 17 in Colico, die gerade noch ohne Bootsf\u00fchrerschein gefahren werden kann. Ein unvergessliches&nbsp;Erlebnis.<\/p>\n<p><span style=\"color: #990099;\">Schokocroissants, Brioche und Co..<\/span><\/p>\n<p>wer gern&nbsp;K\u00f6stliches zum Fr\u00fchst\u00fcck genie\u00dft, dem empfehle ich das Buch von <span style=\"color: #990099;\">Aurelie Bastian: Franz\u00f6sisch backen<\/span> und gute Zutaten dazu<\/p>\n<p>Daf\u00fcr braucht es Zeit und Ruhe&#8230; das Ergebnis ist k\u00f6stlich<\/p>\n<p><span style=\"color: #990099;\">Franz\u00f6sisches Baguette&nbsp;<\/span><\/p>\n<p>oder italienische Br\u00f6tchen&#8230;. selber backen<\/p>\n<p>Nicht nur zum Fr\u00fchst\u00fcck, vielseitig belegt z. B. mit Tomate Mozzarella und Pesto auch f\u00fcr zwischendurch oder mit G\u00e4sten..<\/p>\n<p>Die Rezepte gibt es hier<span style=\"color: #990099;\">: &nbsp; &nbsp;www.herrgruenkocht.de<\/span><\/p>\n<p>Die Treffen von Herrn Gr\u00fcn mit Professor Caprese machen die Seite und das Kochbuch zu etwas Au\u00dfergew\u00f6hnlichem.<\/p>\n<p>Und ein Tip: entscheidend f\u00fcr das Gelingen sind wie immer gute Zutaten.<\/p>\n<p>..auch mal sich&nbsp;selbst beschenken..<\/p>\n<p><span style=\"color: #990099;\">das Neue Album: &nbsp;<u>ZWISCHEN DEN SEKUNDEN&nbsp;<\/u>von Alexa Feser<\/span><\/p>\n<p>Klare wortgewaltige&nbsp;Texte voller Wahrheit und Klarheit zum H\u00f6ren und sp\u00e4teren Mitsingen.<\/p>\n<p><span style=\"color: #990099;\">Wundersch\u00f6ne Musik: Fahrenhaidt <\/span><\/p>\n<p>Dahinter steckt ein Berliner Projekt zweier Musikproduzenten, dass wundervolle CDs mit verschiedenen K\u00fcnstlern hervorbringt. Meditativ, ruhig und doch vielseitig..<\/p>\n<p>Besonders sch\u00f6n, das neue Album: Home under the Sky<\/p>\n<p>Zum Selber h\u00f6ren und verschenken..<\/p>\n<p><span style=\"color: #990099;\">La Gomera<\/span><\/p>\n<p>es gibt viele zauberhafte Orte auf der Welt, einer der sch\u00f6nsten&nbsp;ist La Gomera&#8230; wer hier war, tr\u00e4gt die Insel im Herzen&#8230;<\/p>\n<p>www.gomeralive.de<\/p>\n<p>und wer auch im Urlaub gern ein bisschen Luxus hat, bucht sich eine Juniorsuite im Playa Calera im Tag der K\u00f6nige (Valle gran Rey)&#8230;<\/p>\n<p>&#8230; ein ganz besonderes Erlebnis ist&nbsp;die&nbsp;Bootstour auf der Amazonia zu den Walen und Delfinen<\/p>\n<p><span style=\"color: #990099;\">Wer D\u00fcfte liebt,&nbsp;kann hier f\u00fcndig werden<\/span><\/p>\n<p>f\u00fcr inspirierende D\u00fcfte und Wohlbefinden&#8230; und das Besondere: duftende Geschirrsp\u00fclmittel&#8230;<\/p>\n<p>https:\/\/eu.rituals.com\/de-de\/home<\/p>\n<p>Und noch ein Start UP Unternehmen:<\/p>\n<p><span style=\"color: #990099;\">Dem Leben zuliebe: &nbsp;Vegane Pflegeprodukte&nbsp;<\/span><\/p>\n<p>Wer schon l\u00e4nger Entsprechendes gesucht hat, kann hier f\u00fcndig werden: f\u00fcr den Haushalt, die W\u00e4sche, Pflege und &#8230;.. uns selbst, f\u00fcr unsere Familie und unsere Umwelt. Jetzt mit Onlineshop, &nbsp;vielleicht mal zum Ausprobieren?<\/p>\n<p>www.ohnegedoens.de<\/p>\n<p><span style=\"color: #990099;\">F\u00fcr sich selbst sorgen, hei\u00dft: &nbsp;f\u00fcr K\u00f6rper und Seele sorgen&#8230;<\/span><\/p>\n<p>Zur Bereicherung der Kochk\u00fcnste empfehle ich hiermit die&nbsp;Gew\u00fcrze und Gew\u00fcrzmischungen von RezeptGew\u00fcrze aus Halle \/ Saale. Viele auch in BioQuali\u00e4t.<\/p>\n<p>S\u00e4mtliche Kr\u00e4uter, Gew\u00fcrze und Gew\u00fcrzmischungen werden umweltfreundlich in klarem, sch\u00f6nem Design verpackt. Im Sortiment&nbsp;gibt es wunderbare Gew\u00fcrzmischungen, fertig dosiert&nbsp;f\u00fcr besondere Gerichte in ansprechender Verpackung. Diese eignen sich sehr gut als besonderes &nbsp;&#8222;Mitbringsel&#8220; oder selbst beschenken und ausprobieren.<\/p>\n<p>www.rezeptgewuerze.de<\/p>\n<p><span style=\"color: #990099;\">H\u00f6rbuch: &#8222;Kein Tag gleicht dem Anderen&#8220; von Paulo Coelho<\/span><\/p>\n<p>f\u00fcr ruhige Stunden mit einer guten Tasse Tee eine wunderbare Gelegenheit, sich aus den Verstrickungen des Alltags zu befreien und sich zu besinnen auf das, was wirklich wichtig ist und einfach wirken lassen&#8230;.<\/p>\n<p>&#8230; wunderbar gesprochen und ebenso wundervoll musikalisch begleitet&#8230;. immer wieder gern&#8230;<\/p>","protected":false},"excerpt":{"rendered":"<p>Von LEA liebevoll handgefertigt: www.lamakramee.de Aus nat\u00fcrlichen langlebigen Materialien bekommt ihr hier eine gelungene Auswahl an Mobiles f\u00fcr den Nachwuchs sowie Schl\u00fcsselanh\u00e4nger zum Ver- und sich Selbst-Beschenken. Das Leben ist bunt&#8230;. und jeder hat seine Lieblingsfarben. Eigene Farbw\u00fcnsche und\/oder die Erg\u00e4nzung mit Namen sind daher auf Nachfrage auch m\u00f6glich. Einfach mal anschauen. Es lohnt sich. [&hellip;]<\/p>\n","protected":false},"author":1,"featured_media":0,"parent":0,"menu_order":10,"comment_status":"closed","ping_status":"closed","template":"","meta":{"footnotes":""},"class_list":["post-163","page","type-page","status-publish","hentry"],"_links":{"self":[{"href":"https:\/\/lebensfreude-praxis-celle.de\/index.php?rest_route=\/wp\/v2\/pages\/163","targetHints":{"allow":["GET"]}}],"collection":[{"href":"https:\/\/lebensfreude-praxis-celle.de\/index.php?rest_route=\/wp\/v2\/pages"}],"about":[{"href":"https:\/\/lebensfreude-praxis-celle.de\/index.php?rest_route=\/wp\/v2\/types\/page"}],"author":[{"embeddable":true,"href":"https:\/\/lebensfreude-praxis-celle.de\/index.php?rest_route=\/wp\/v2\/users\/1"}],"replies":[{"embeddable":true,"href":"https:\/\/lebensfreude-praxis-celle.de\/index.php?rest_route=%2Fwp%2Fv2%2Fcomments&post=163"}],"version-history":[{"count":39,"href":"https:\/\/lebensfreude-praxis-celle.de\/index.php?rest_route=\/wp\/v2\/pages\/163\/revisions"}],"predecessor-version":[{"id":1021,"href":"https:\/\/lebensfreude-praxis-celle.de\/index.php?rest_route=\/wp\/v2\/pages\/163\/revisions\/1021"}],"wp:attachment":[{"href":"https:\/\/lebensfreude-praxis-celle.de\/index.php?rest_route=%2Fwp%2Fv2%2Fmedia&parent=163"}],"curies":[{"name":"wp","href":"https:\/\/api.w.org\/{rel}","templated":true}]}}